{"id":327,"date":"2020-01-13T13:42:36","date_gmt":"2020-01-13T12:42:36","guid":{"rendered":"https:\/\/glamar.pl\/?page_id=327"},"modified":"2025-12-22T10:55:48","modified_gmt":"2025-12-22T09:55:48","slug":"frezy-tarczowe-hss","status":"publish","type":"page","link":"https:\/\/glamar.pl\/index.php\/frezy-tarczowe-hss\/","title":{"rendered":"Frezy tarczowe HSS"},"content":{"rendered":"\t\t<div data-elementor-type=\"wp-page\" data-elementor-id=\"327\" class=\"elementor elementor-327\" data-elementor-settings=\"[]\">\n\t\t\t\t\t\t<div class=\"elementor-inner\">\n\t\t\t\t\t\t\t<div class=\"elementor-section-wrap\">\n\t\t\t\t\t\t\t<section class=\"elementor-section elementor-top-section elementor-element elementor-element-9c36381 elementor-section-boxed elementor-section-height-default elementor-section-height-default\" data-id=\"9c36381\" data-element_type=\"section\">\n\t\t\t\t\t\t<div class=\"elementor-container elementor-column-gap-default\">\n\t\t\t\t\t\t\t<div class=\"elementor-row\">\n\t\t\t\t\t<div class=\"elementor-column elementor-col-100 elementor-top-column elementor-element elementor-element-ab1c930\" data-id=\"ab1c930\" data-element_type=\"column\">\n\t\t\t<div class=\"elementor-column-wrap elementor-element-populated\">\n\t\t\t\t\t\t\t<div class=\"elementor-widget-wrap\">\n\t\t\t\t\t\t<div class=\"elementor-element elementor-element-a07079f elementor-widget elementor-widget-text-editor\" data-id=\"a07079f\" data-element_type=\"widget\" data-widget_type=\"text-editor.default\">\n\t\t\t\t<div class=\"elementor-widget-container\">\n\t\t\t\t\t\t\t\t<div class=\"elementor-text-editor elementor-clearfix\">\n\t\t\t\t\t<h1 class=\"entry-title\">Regeneracja frez\u00f3w tarczowych HSS<\/h1>\n<p align=\"justify\">Jednym z obszar\u00f3w naszej dzia\u0142alno\u015bci jest regeneracja\u00a0frez\u00f3w tarczowych z HSS\u00a0\u00a0<\/p>\n<p><!-- \/wp:paragraph --><!-- wp:paragraph --><!-- \/wp:paragraph --><!-- wp:gallery {\"ids\":[\"102\",123,125]} --><\/p>\n<figure><\/figure>\n<figure><\/figure>\n<p><!-- \/wp:gallery --><!-- wp:paragraph --><!-- \/wp:paragraph --><\/p>\t\t\t\t\t<\/div>\n\t\t\t\t\t\t<\/div>\n\t\t\t\t<\/div>\n\t\t\t\t\t\t<\/div>\n\t\t\t\t\t<\/div>\n\t\t<\/div>\n\t\t\t\t\t\t\t\t<\/div>\n\t\t\t\t\t<\/div>\n\t\t<\/section>\n\t\t\t\t<section class=\"elementor-section elementor-top-section elementor-element elementor-element-6532926 elementor-section-boxed elementor-section-height-default elementor-section-height-default\" data-id=\"6532926\" data-element_type=\"section\">\n\t\t\t\t\t\t<div class=\"elementor-container elementor-column-gap-default\">\n\t\t\t\t\t\t\t<div class=\"elementor-row\">\n\t\t\t\t\t<div class=\"elementor-column elementor-col-100 elementor-top-column elementor-element elementor-element-9db356b\" data-id=\"9db356b\" data-element_type=\"column\">\n\t\t\t<div class=\"elementor-column-wrap elementor-element-populated\">\n\t\t\t\t\t\t\t<div class=\"elementor-widget-wrap\">\n\t\t\t\t\t\t<div class=\"elementor-element elementor-element-8b5c391 elementor-widget elementor-widget-text-editor\" data-id=\"8b5c391\" data-element_type=\"widget\" data-widget_type=\"text-editor.default\">\n\t\t\t\t<div class=\"elementor-widget-container\">\n\t\t\t\t\t\t\t\t<div class=\"elementor-text-editor elementor-clearfix\">\n\t\t\t\t\t<p align=\"justify\"><strong>Przesu\u0144 poni\u017cszy suwak<\/span> <\/strong>w PRAWO lub LEWO, aby zobaczy\u0107 r\u00f3\u017cnic\u0119 przed oraz po regeneracji tarczy w firmie GLAMAR Sp. z o.o. .<\/p>\t\t\t\t\t<\/div>\n\t\t\t\t\t\t<\/div>\n\t\t\t\t<\/div>\n\t\t\t\t\t\t<\/div>\n\t\t\t\t\t<\/div>\n\t\t<\/div>\n\t\t\t\t\t\t\t\t<\/div>\n\t\t\t\t\t<\/div>\n\t\t<\/section>\n\t\t\t\t<section class=\"elementor-section elementor-top-section elementor-element elementor-element-9833e4e elementor-section-boxed elementor-section-height-default elementor-section-height-default\" data-id=\"9833e4e\" data-element_type=\"section\">\n\t\t\t\t\t\t<div class=\"elementor-container elementor-column-gap-default\">\n\t\t\t\t\t\t\t<div class=\"elementor-row\">\n\t\t\t\t\t<div class=\"elementor-column elementor-col-100 elementor-top-column elementor-element elementor-element-6da5b6c\" data-id=\"6da5b6c\" data-element_type=\"column\">\n\t\t\t<div class=\"elementor-column-wrap elementor-element-populated\">\n\t\t\t\t\t\t\t<div class=\"elementor-widget-wrap\">\n\t\t\t\t\t\t<div class=\"elementor-element elementor-element-50f8514 elementor-widget elementor-widget-text-editor\" data-id=\"50f8514\" data-element_type=\"widget\" data-widget_type=\"text-editor.default\">\n\t\t\t\t<div class=\"elementor-widget-container\">\n\t\t\t\t\t\t\t\t<div class=\"elementor-text-editor elementor-clearfix\">\n\t\t\t\t\t\t\t\t\t\t<\/div>\n\t\t\t\t\t\t<\/div>\n\t\t\t\t<\/div>\n\t\t\t\t<div class=\"elementor-element elementor-element-b4ee178 elementor-widget elementor-widget-twenty20\" data-id=\"b4ee178\" data-element_type=\"widget\" data-widget_type=\"twenty20.default\">\n\t\t\t\t<div class=\"elementor-widget-container\">\n\t\t\t<div id=\"twenty20-1\" class=\"twenty20\" style=\"width: 100% !important; clear: both;\"><div class=\"twentytwenty-container twenty20-1 \"><img class=\"skip-lazy\" src=\"https:\/\/glamar.pl\/wp-content\/uploads\/2019\/11\/HSS1.jpg\" \/><img class=\"skip-lazy\" src=\"https:\/\/glamar.pl\/wp-content\/uploads\/2019\/11\/HSS2.jpg\" \/><\/div><script>jQuery(window).on(\"load\", function(){jQuery(\".twentytwenty-container.twenty20-1[data-orientation!='vertical']\").twentytwenty({default_offset_pct: 0.5});jQuery(\".twenty20-1 .twentytwenty-before-label\").html(\"Przed Ostrzeniem\");jQuery(\".twenty20-1 .twentytwenty-after-label\").html(\"Po Ostrzeniu\");});<\/script><\/div>\t\t<\/div>\n\t\t\t\t<\/div>\n\t\t\t\t\t\t<\/div>\n\t\t\t\t\t<\/div>\n\t\t<\/div>\n\t\t\t\t\t\t\t\t<\/div>\n\t\t\t\t\t<\/div>\n\t\t<\/section>\n\t\t\t\t<section class=\"elementor-section elementor-top-section elementor-element elementor-element-11b2c94 elementor-section-boxed elementor-section-height-default elementor-section-height-default\" data-id=\"11b2c94\" data-element_type=\"section\">\n\t\t\t\t\t\t<div class=\"elementor-container elementor-column-gap-default\">\n\t\t\t\t\t\t\t<div class=\"elementor-row\">\n\t\t\t\t\t<div class=\"elementor-column elementor-col-33 elementor-top-column elementor-element elementor-element-805682f\" data-id=\"805682f\" data-element_type=\"column\">\n\t\t\t<div class=\"elementor-column-wrap elementor-element-populated\">\n\t\t\t\t\t\t\t<div class=\"elementor-widget-wrap\">\n\t\t\t\t\t\t<div class=\"elementor-element elementor-element-1a08832 elementor-widget elementor-widget-image\" data-id=\"1a08832\" data-element_type=\"widget\" data-widget_type=\"image.default\">\n\t\t\t\t<div class=\"elementor-widget-container\">\n\t\t\t\t\t\t\t\t<div class=\"elementor-image\">\n\t\t\t\t\t\t\t\t\t\t\t\t\t<a href=\"https:\/\/glamar.pl\/wp-content\/uploads\/2019\/09\/DSCN2316.jpg\" data-elementor-open-lightbox=\"yes\" data-elementor-lightbox-title=\"DSCN2316\">\n\t\t\t\t\t\t\t<img width=\"525\" height=\"700\" src=\"https:\/\/glamar.pl\/wp-content\/uploads\/2019\/09\/DSCN2316-768x1024.jpg\" class=\"attachment-large size-large\" alt=\"Ostrzenie frez\u00f3w HSS\" loading=\"lazy\" srcset=\"https:\/\/glamar.pl\/wp-content\/uploads\/2019\/09\/DSCN2316-768x1024.jpg 768w, https:\/\/glamar.pl\/wp-content\/uploads\/2019\/09\/DSCN2316-225x300.jpg 225w\" sizes=\"100vw\" \/>\t\t\t\t\t\t\t\t<\/a>\n\t\t\t\t\t\t\t\t\t\t\t\t\t\t<\/div>\n\t\t\t\t\t\t<\/div>\n\t\t\t\t<\/div>\n\t\t\t\t\t\t<\/div>\n\t\t\t\t\t<\/div>\n\t\t<\/div>\n\t\t\t\t<div class=\"elementor-column elementor-col-33 elementor-top-column elementor-element elementor-element-25d5516\" data-id=\"25d5516\" data-element_type=\"column\">\n\t\t\t<div class=\"elementor-column-wrap elementor-element-populated\">\n\t\t\t\t\t\t\t<div class=\"elementor-widget-wrap\">\n\t\t\t\t\t\t<div class=\"elementor-element elementor-element-8f2ed7d elementor-widget elementor-widget-image\" data-id=\"8f2ed7d\" data-element_type=\"widget\" data-widget_type=\"image.default\">\n\t\t\t\t<div class=\"elementor-widget-container\">\n\t\t\t\t\t\t\t\t<div class=\"elementor-image\">\n\t\t\t\t\t\t\t\t\t\t\t\t\t<a href=\"https:\/\/glamar.pl\/wp-content\/uploads\/2019\/09\/DSCN2246.jpg\" data-elementor-open-lightbox=\"yes\" data-elementor-lightbox-title=\"DSCN2246\">\n\t\t\t\t\t\t\t<img width=\"525\" height=\"700\" src=\"https:\/\/glamar.pl\/wp-content\/uploads\/2019\/09\/DSCN2246-768x1024.jpg\" class=\"attachment-large size-large\" alt=\"Ostrzenie frez\u00f3w tarczowych HSS\" loading=\"lazy\" srcset=\"https:\/\/glamar.pl\/wp-content\/uploads\/2019\/09\/DSCN2246-768x1024.jpg 768w, https:\/\/glamar.pl\/wp-content\/uploads\/2019\/09\/DSCN2246-225x300.jpg 225w\" sizes=\"100vw\" \/>\t\t\t\t\t\t\t\t<\/a>\n\t\t\t\t\t\t\t\t\t\t\t\t\t\t<\/div>\n\t\t\t\t\t\t<\/div>\n\t\t\t\t<\/div>\n\t\t\t\t\t\t<\/div>\n\t\t\t\t\t<\/div>\n\t\t<\/div>\n\t\t\t\t<div class=\"elementor-column elementor-col-33 elementor-top-column elementor-element elementor-element-1a55d77\" data-id=\"1a55d77\" data-element_type=\"column\">\n\t\t\t<div class=\"elementor-column-wrap elementor-element-populated\">\n\t\t\t\t\t\t\t<div class=\"elementor-widget-wrap\">\n\t\t\t\t\t\t<div class=\"elementor-element elementor-element-3c79114 elementor-widget elementor-widget-image\" data-id=\"3c79114\" data-element_type=\"widget\" data-widget_type=\"image.default\">\n\t\t\t\t<div class=\"elementor-widget-container\">\n\t\t\t\t\t\t\t\t<div class=\"elementor-image\">\n\t\t\t\t\t\t\t\t\t\t\t\t\t<a href=\"https:\/\/glamar.pl\/wp-content\/uploads\/2019\/09\/DSCN2440.jpg\" data-elementor-open-lightbox=\"yes\" data-elementor-lightbox-title=\"DSCN2440\">\n\t\t\t\t\t\t\t<img width=\"525\" height=\"700\" src=\"https:\/\/glamar.pl\/wp-content\/uploads\/2019\/09\/DSCN2440-768x1024.jpg\" class=\"attachment-large size-large\" alt=\"Ostrzenie frez\u00f3w tarczowych HSS\" loading=\"lazy\" srcset=\"https:\/\/glamar.pl\/wp-content\/uploads\/2019\/09\/DSCN2440-768x1024.jpg 768w, https:\/\/glamar.pl\/wp-content\/uploads\/2019\/09\/DSCN2440-225x300.jpg 225w\" sizes=\"100vw\" \/>\t\t\t\t\t\t\t\t<\/a>\n\t\t\t\t\t\t\t\t\t\t\t\t\t\t<\/div>\n\t\t\t\t\t\t<\/div>\n\t\t\t\t<\/div>\n\t\t\t\t\t\t<\/div>\n\t\t\t\t\t<\/div>\n\t\t<\/div>\n\t\t\t\t\t\t\t\t<\/div>\n\t\t\t\t\t<\/div>\n\t\t<\/section>\n\t\t\t\t<section class=\"elementor-section elementor-top-section elementor-element elementor-element-609e609 elementor-section-boxed elementor-section-height-default elementor-section-height-default\" data-id=\"609e609\" data-element_type=\"section\">\n\t\t\t\t\t\t<div class=\"elementor-container elementor-column-gap-default\">\n\t\t\t\t\t\t\t<div class=\"elementor-row\">\n\t\t\t\t\t<div class=\"elementor-column elementor-col-100 elementor-top-column elementor-element elementor-element-60c3107\" data-id=\"60c3107\" data-element_type=\"column\">\n\t\t\t<div class=\"elementor-column-wrap\">\n\t\t\t\t\t\t\t<div class=\"elementor-widget-wrap\">\n\t\t\t\t\t\t\t\t<\/div>\n\t\t\t\t\t<\/div>\n\t\t<\/div>\n\t\t\t\t\t\t\t\t<\/div>\n\t\t\t\t\t<\/div>\n\t\t<\/section>\n\t\t\t\t<section class=\"elementor-section elementor-top-section elementor-element elementor-element-74cb63db elementor-section-boxed elementor-section-height-default elementor-section-height-default\" data-id=\"74cb63db\" data-element_type=\"section\">\n\t\t\t\t\t\t<div class=\"elementor-container elementor-column-gap-default\">\n\t\t\t\t\t\t\t<div class=\"elementor-row\">\n\t\t\t\t\t<div class=\"elementor-column elementor-col-100 elementor-top-column elementor-element elementor-element-7e690d25\" data-id=\"7e690d25\" data-element_type=\"column\">\n\t\t\t<div class=\"elementor-column-wrap elementor-element-populated\">\n\t\t\t\t\t\t\t<div class=\"elementor-widget-wrap\">\n\t\t\t\t\t\t<div class=\"elementor-element elementor-element-392ffb7a elementor-widget elementor-widget-text-editor\" data-id=\"392ffb7a\" data-element_type=\"widget\" data-widget_type=\"text-editor.default\">\n\t\t\t\t<div class=\"elementor-widget-container\">\n\t\t\t\t\t\t\t\t<div class=\"elementor-text-editor elementor-clearfix\">\n\t\t\t\t\t<p><!-- wp:image --><\/p>\n<figure class=\"wp-block-image\"><img class=\"aligncenter\" alt=\"\"><\/figure>\n<p><!-- \/wp:image --><!-- wp:image {\"id\":328,\"sizeSlug\":\"large\"} --><\/p>\n<figure class=\"wp-block-image size-large\"><img loading=\"lazy\" width=\"868\" height=\"1024\" class=\"wp-image-328\" src=\"https:\/\/glamar.pl\/wp-content\/uploads\/2020\/01\/Jako\u015b\u0107-stali-868x1024.jpg\" alt=\"\" srcset=\"https:\/\/glamar.pl\/wp-content\/uploads\/2020\/01\/Jako\u015b\u0107-stali-868x1024.jpg 868w, https:\/\/glamar.pl\/wp-content\/uploads\/2020\/01\/Jako\u015b\u0107-stali-254x300.jpg 254w, https:\/\/glamar.pl\/wp-content\/uploads\/2020\/01\/Jako\u015b\u0107-stali-768x906.jpg 768w, https:\/\/glamar.pl\/wp-content\/uploads\/2020\/01\/Jako\u015b\u0107-stali-1302x1536.jpg 1302w, https:\/\/glamar.pl\/wp-content\/uploads\/2020\/01\/Jako\u015b\u0107-stali.jpg 1654w\" sizes=\"(max-width: 706px) 89vw, (max-width: 767px) 82vw, 740px\" \/><\/figure>\n<p><!-- \/wp:image --><!-- wp:paragraph --><\/p>\n<p><br><\/p>\n<p><!-- \/wp:paragraph --><!-- wp:image {\"id\":329,\"width\":532,\"height\":532,\"sizeSlug\":\"large\"} --><\/p>\n<figure class=\"wp-block-image size-large is-resized\"><img loading=\"lazy\" class=\"wp-image-329\" src=\"https:\/\/glamar.pl\/wp-content\/uploads\/2020\/01\/Geometria-uz\u0119bienia-1024x1024.jpg\" alt=\"\" width=\"532\" height=\"532\" srcset=\"https:\/\/glamar.pl\/wp-content\/uploads\/2020\/01\/Geometria-uz\u0119bienia-1024x1024.jpg 1024w, https:\/\/glamar.pl\/wp-content\/uploads\/2020\/01\/Geometria-uz\u0119bienia-300x300.jpg 300w, https:\/\/glamar.pl\/wp-content\/uploads\/2020\/01\/Geometria-uz\u0119bienia-150x150.jpg 150w, https:\/\/glamar.pl\/wp-content\/uploads\/2020\/01\/Geometria-uz\u0119bienia-768x768.jpg 768w, https:\/\/glamar.pl\/wp-content\/uploads\/2020\/01\/Geometria-uz\u0119bienia-1536x1536.jpg 1536w, https:\/\/glamar.pl\/wp-content\/uploads\/2020\/01\/Geometria-uz\u0119bienia-100x100.jpg 100w, https:\/\/glamar.pl\/wp-content\/uploads\/2020\/01\/Geometria-uz\u0119bienia.jpg 1654w\" sizes=\"(max-width: 532px) 100vw, 532px\" \/><\/figure>\n<p><!-- \/wp:image --><!-- wp:paragraph --><\/p>\n<p><br><\/p>\n<p><!-- \/wp:paragraph --><!-- wp:image {\"id\":330,\"sizeSlug\":\"large\"} --><\/p>\n<figure class=\"wp-block-image size-large\"><img loading=\"lazy\" width=\"856\" height=\"1024\" class=\"wp-image-330\" src=\"https:\/\/glamar.pl\/wp-content\/uploads\/2020\/01\/Geometria-z\u0119ba-856x1024.jpg\" alt=\"\" srcset=\"https:\/\/glamar.pl\/wp-content\/uploads\/2020\/01\/Geometria-z\u0119ba-856x1024.jpg 856w, https:\/\/glamar.pl\/wp-content\/uploads\/2020\/01\/Geometria-z\u0119ba-251x300.jpg 251w, https:\/\/glamar.pl\/wp-content\/uploads\/2020\/01\/Geometria-z\u0119ba-768x919.jpg 768w, https:\/\/glamar.pl\/wp-content\/uploads\/2020\/01\/Geometria-z\u0119ba-1284x1536.jpg 1284w, https:\/\/glamar.pl\/wp-content\/uploads\/2020\/01\/Geometria-z\u0119ba.jpg 1652w\" sizes=\"(max-width: 706px) 89vw, (max-width: 767px) 82vw, 740px\" \/><\/figure>\n<p><!-- \/wp:image --><!-- wp:paragraph --><\/p>\n<p><br><\/p>\n<p><!-- \/wp:paragraph --><!-- wp:image {\"id\":331,\"sizeSlug\":\"large\"} --><\/p>\n<figure class=\"wp-block-image size-large\"><img loading=\"lazy\" width=\"848\" height=\"1024\" class=\"wp-image-331\" src=\"https:\/\/glamar.pl\/wp-content\/uploads\/2020\/01\/pow\u0142oki-848x1024.jpg\" alt=\"\" srcset=\"https:\/\/glamar.pl\/wp-content\/uploads\/2020\/01\/pow\u0142oki-848x1024.jpg 848w, https:\/\/glamar.pl\/wp-content\/uploads\/2020\/01\/pow\u0142oki-248x300.jpg 248w, https:\/\/glamar.pl\/wp-content\/uploads\/2020\/01\/pow\u0142oki-768x928.jpg 768w, https:\/\/glamar.pl\/wp-content\/uploads\/2020\/01\/pow\u0142oki-1272x1536.jpg 1272w, https:\/\/glamar.pl\/wp-content\/uploads\/2020\/01\/pow\u0142oki.jpg 1654w\" sizes=\"(max-width: 706px) 89vw, (max-width: 767px) 82vw, 740px\" \/><\/figure>\n<p><!-- \/wp:image --><!-- wp:paragraph --><\/p>\n<p><br><\/p>\n<p><!-- \/wp:paragraph --><!-- wp:image {\"id\":332,\"sizeSlug\":\"large\"} --><\/p>\n<figure class=\"wp-block-image size-large\"><img loading=\"lazy\" width=\"1013\" height=\"1024\" class=\"wp-image-332\" src=\"https:\/\/glamar.pl\/wp-content\/uploads\/2020\/01\/pow\u0142oki-c.d.-1013x1024.jpg\" alt=\"\" srcset=\"https:\/\/glamar.pl\/wp-content\/uploads\/2020\/01\/pow\u0142oki-c.d.-1013x1024.jpg 1013w, https:\/\/glamar.pl\/wp-content\/uploads\/2020\/01\/pow\u0142oki-c.d.-297x300.jpg 297w, https:\/\/glamar.pl\/wp-content\/uploads\/2020\/01\/pow\u0142oki-c.d.-768x776.jpg 768w, https:\/\/glamar.pl\/wp-content\/uploads\/2020\/01\/pow\u0142oki-c.d.-1519x1536.jpg 1519w, https:\/\/glamar.pl\/wp-content\/uploads\/2020\/01\/pow\u0142oki-c.d.-100x100.jpg 100w, https:\/\/glamar.pl\/wp-content\/uploads\/2020\/01\/pow\u0142oki-c.d..jpg 1654w\" sizes=\"(max-width: 706px) 89vw, (max-width: 767px) 82vw, 740px\" \/><\/figure>\n<p><!-- \/wp:image --><\/p>\t\t\t\t\t<\/div>\n\t\t\t\t\t\t<\/div>\n\t\t\t\t<\/div>\n\t\t\t\t\t\t<\/div>\n\t\t\t\t\t<\/div>\n\t\t<\/div>\n\t\t\t\t\t\t\t\t<\/div>\n\t\t\t\t\t<\/div>\n\t\t<\/section>\n\t\t\t\t\t\t<\/div>\n\t\t\t\t\t\t<\/div>\n\t\t\t\t\t<\/div>\n\t\t","protected":false},"excerpt":{"rendered":"<p>Regeneracja frez\u00f3w tarczowych HSS Jednym z obszar\u00f3w naszej dzia\u0142alno\u015bci jest regeneracja\u00a0frez\u00f3w tarczowych z HSS\u00a0\u00a0 Przesu\u0144 poni\u017cszy suwak w PRAWO lub LEWO, aby zobaczy\u0107 r\u00f3\u017cnic\u0119 przed oraz po regeneracji tarczy w firmie GLAMAR Sp. z o.o. .<\/p>\n","protected":false},"author":1,"featured_media":0,"parent":0,"menu_order":0,"comment_status":"closed","ping_status":"closed","template":"","meta":[],"yoast_head":"<!-- This site is optimized with the Yoast SEO plugin v16.2 - https:\/\/yoast.com\/wordpress\/plugins\/seo\/ -->\n<title>Frezy tarczowe HSS - Glamar Sp. z o. o.<\/title>\n<meta name=\"description\" content=\"Stal podstawowa na korpusy frez\u00f3w tarczowych HSS to stal o symbolu DMo5. Jest to materia\u0142 do produkcji narz\u0119dzi do ci\u0119cia stali mi\u0119kkich oraz p\u00f3\u0142twardych.\" \/>\n<meta name=\"robots\" content=\"index, follow, max-snippet:-1, max-image-preview:large, max-video-preview:-1\" \/>\n<link rel=\"canonical\" href=\"https:\/\/glamar.pl\/index.php\/frezy-tarczowe-hss\/\" \/>\n<meta property=\"og:locale\" content=\"pl_PL\" \/>\n<meta property=\"og:type\" content=\"article\" \/>\n<meta property=\"og:title\" content=\"Frezy tarczowe HSS - Glamar Sp. z o. o.\" \/>\n<meta property=\"og:description\" content=\"Stal podstawowa na korpusy frez\u00f3w tarczowych HSS to stal o symbolu DMo5. Jest to materia\u0142 do produkcji narz\u0119dzi do ci\u0119cia stali mi\u0119kkich oraz p\u00f3\u0142twardych.\" \/>\n<meta property=\"og:url\" content=\"https:\/\/glamar.pl\/index.php\/frezy-tarczowe-hss\/\" \/>\n<meta property=\"og:site_name\" content=\"Glamar Sp. z o. o.\" \/>\n<meta property=\"article:modified_time\" content=\"2025-12-22T09:55:48+00:00\" \/>\n<meta property=\"og:image\" content=\"https:\/\/glamar.pl\/wp-content\/uploads\/2019\/09\/DSCN2316-768x1024.jpg\" \/>\n<meta name=\"twitter:card\" content=\"summary_large_image\" \/>\n<meta name=\"twitter:label1\" content=\"Szacowany czas czytania\">\n\t<meta name=\"twitter:data1\" content=\"2 minuty\">\n<script type=\"application\/ld+json\" class=\"yoast-schema-graph\">{\"@context\":\"https:\/\/schema.org\",\"@graph\":[{\"@type\":\"WebSite\",\"@id\":\"https:\/\/glamar.pl\/#website\",\"url\":\"https:\/\/glamar.pl\/\",\"name\":\"Glamar Sp. z o. o.\",\"description\":\"SPRZEDA\\u017b, OSTRZENIE, REGENERACJA\",\"potentialAction\":[{\"@type\":\"SearchAction\",\"target\":\"https:\/\/glamar.pl\/?s={search_term_string}\",\"query-input\":\"required name=search_term_string\"}],\"inLanguage\":\"pl-PL\"},{\"@type\":\"ImageObject\",\"@id\":\"https:\/\/glamar.pl\/index.php\/frezy-tarczowe-hss\/#primaryimage\",\"inLanguage\":\"pl-PL\",\"url\":\"https:\/\/glamar.pl\/wp-content\/uploads\/2019\/09\/DSCN2316.jpg\",\"contentUrl\":\"https:\/\/glamar.pl\/wp-content\/uploads\/2019\/09\/DSCN2316.jpg\",\"width\":3456,\"height\":4608,\"caption\":\"Ostrzenie frez\\u00f3w HSS\"},{\"@type\":\"WebPage\",\"@id\":\"https:\/\/glamar.pl\/index.php\/frezy-tarczowe-hss\/#webpage\",\"url\":\"https:\/\/glamar.pl\/index.php\/frezy-tarczowe-hss\/\",\"name\":\"Frezy tarczowe HSS - Glamar Sp. z o. o.\",\"isPartOf\":{\"@id\":\"https:\/\/glamar.pl\/#website\"},\"primaryImageOfPage\":{\"@id\":\"https:\/\/glamar.pl\/index.php\/frezy-tarczowe-hss\/#primaryimage\"},\"datePublished\":\"2020-01-13T12:42:36+00:00\",\"dateModified\":\"2025-12-22T09:55:48+00:00\",\"description\":\"Stal podstawowa na korpusy frez\\u00f3w tarczowych HSS to stal o symbolu DMo5. Jest to materia\\u0142 do produkcji narz\\u0119dzi do ci\\u0119cia stali mi\\u0119kkich oraz p\\u00f3\\u0142twardych.\",\"breadcrumb\":{\"@id\":\"https:\/\/glamar.pl\/index.php\/frezy-tarczowe-hss\/#breadcrumb\"},\"inLanguage\":\"pl-PL\",\"potentialAction\":[{\"@type\":\"ReadAction\",\"target\":[\"https:\/\/glamar.pl\/index.php\/frezy-tarczowe-hss\/\"]}]},{\"@type\":\"BreadcrumbList\",\"@id\":\"https:\/\/glamar.pl\/index.php\/frezy-tarczowe-hss\/#breadcrumb\",\"itemListElement\":[{\"@type\":\"ListItem\",\"position\":1,\"item\":{\"@type\":\"WebPage\",\"@id\":\"https:\/\/glamar.pl\/\",\"url\":\"https:\/\/glamar.pl\/\",\"name\":\"Strona g\\u0142\\u00f3wna\"}},{\"@type\":\"ListItem\",\"position\":2,\"item\":{\"@id\":\"https:\/\/glamar.pl\/index.php\/frezy-tarczowe-hss\/#webpage\"}}]}]}<\/script>\n<!-- \/ Yoast SEO plugin. -->","_links":{"self":[{"href":"https:\/\/glamar.pl\/index.php\/wp-json\/wp\/v2\/pages\/327"}],"collection":[{"href":"https:\/\/glamar.pl\/index.php\/wp-json\/wp\/v2\/pages"}],"about":[{"href":"https:\/\/glamar.pl\/index.php\/wp-json\/wp\/v2\/types\/page"}],"author":[{"embeddable":true,"href":"https:\/\/glamar.pl\/index.php\/wp-json\/wp\/v2\/users\/1"}],"replies":[{"embeddable":true,"href":"https:\/\/glamar.pl\/index.php\/wp-json\/wp\/v2\/comments?post=327"}],"version-history":[{"count":132,"href":"https:\/\/glamar.pl\/index.php\/wp-json\/wp\/v2\/pages\/327\/revisions"}],"predecessor-version":[{"id":808,"href":"https:\/\/glamar.pl\/index.php\/wp-json\/wp\/v2\/pages\/327\/revisions\/808"}],"wp:attachment":[{"href":"https:\/\/glamar.pl\/index.php\/wp-json\/wp\/v2\/media?parent=327"}],"curies":[{"name":"wp","href":"https:\/\/api.w.org\/{rel}","templated":true}]}}